{"id":489,"date":"2023-10-23T16:14:57","date_gmt":"2023-10-23T14:14:57","guid":{"rendered":"https:\/\/avcocorporate.com\/?page_id=489"},"modified":"2025-08-18T17:22:00","modified_gmt":"2025-08-18T15:22:00","slug":"politica-de-privacidad-y-cookies","status":"publish","type":"page","link":"https:\/\/avcocorporate.com\/index.php\/es\/politica-de-privacidad-y-cookies\/","title":{"rendered":"Pol\u00edtica de Privacidad y Cookies"},"content":{"rendered":"\n[et_pb_section fb_built=&#8221;1&#8243; fullwidth=&#8221;on&#8221; admin_label=&#8221;Hero Section&#8221; _builder_version=&#8221;4.16&#8243; global_colors_info=&#8221;{}&#8221;][et_pb_fullwidth_header subhead=&#8221;Pol\u00edtica de Privacidad y Cookies&#8221; background_overlay_color=&#8221;rgba(155,0,2,0.56)&#8221; content_max_width=&#8221;550px&#8221; _builder_version=&#8221;4.19.5&#8243; title_font=&#8221;Poppins|700||on|||||&#8221; title_text_color=&#8221;#edbb5f&#8221; title_font_size=&#8221;14px&#8221; title_letter_spacing=&#8221;2px&#8221; title_line_height=&#8221;1.4em&#8221; content_font=&#8221;Poppins||||||||&#8221; content_font_size=&#8221;16px&#8221; content_letter_spacing=&#8221;1px&#8221; content_line_height=&#8221;2em&#8221; subhead_font=&#8221;Playfair Display|700||on|||||&#8221; subhead_font_size=&#8221;48px&#8221; subhead_letter_spacing=&#8221;3px&#8221; subhead_line_height=&#8221;1.4em&#8221; background_color=&#8221;#FFFFFF&#8221; background_image=&#8221;https:\/\/avcocorporate.com\/wp-content\/uploads\/2023\/08\/Policy_2.jpg&#8221; parallax=&#8221;on&#8221; parallax_method=&#8221;on&#8221; button_one_border_width=&#8221;1px&#8221; button_one_border_color=&#8221;rgba(255,255,255,0.3)&#8221; button_one_border_radius=&#8221;0px&#8221; button_one_letter_spacing=&#8221;1px&#8221; button_one_font=&#8221;Saira Extra Condensed|600||on|||||&#8221; button_one_icon=&#8221;&#x24;||divi||400&#8243; button_one_icon_color=&#8221;#edbb5f&#8221; custom_button_two=&#8221;on&#8221; button_two_border_width=&#8221;1px&#8221; button_two_border_color=&#8221;rgba(255,255,255,0.3)&#8221; button_two_border_radius=&#8221;0px&#8221; button_two_letter_spacing=&#8221;1px&#8221; button_two_font=&#8221;Saira Extra Condensed|600||on|||||&#8221; button_two_icon=&#8221;&#x24;||divi||400&#8243; button_two_icon_color=&#8221;#edbb5f&#8221; module_alignment=&#8221;right&#8221; custom_margin=&#8221;|||&#8221; custom_padding=&#8221;8%||8%|&#8221; hover_enabled=&#8221;0&#8243; button_one_text_color_hover=&#8221;#edbb5f&#8221; button_two_text_color_hover=&#8221;#edbb5f&#8221; button_one_bg_color_hover=&#8221;rgba(0,0,0,0)&#8221; button_two_bg_color_hover=&#8221;rgba(0,0,0,0)&#8221; global_colors_info=&#8221;{}&#8221; button_one_text_size__hover_enabled=&#8221;off&#8221; button_two_text_size__hover_enabled=&#8221;off&#8221; button_one_text_color__hover_enabled=&#8221;on&#8221; button_one_text_color__hover=&#8221;#edbb5f&#8221; button_two_text_color__hover_enabled=&#8221;on&#8221; button_two_text_color__hover=&#8221;#edbb5f&#8221; button_one_border_width__hover_enabled=&#8221;off&#8221; button_two_border_width__hover_enabled=&#8221;off&#8221; button_one_border_color__hover_enabled=&#8221;off&#8221; button_two_border_color__hover_enabled=&#8221;off&#8221; button_one_border_radius__hover_enabled=&#8221;off&#8221; button_two_border_radius__hover_enabled=&#8221;off&#8221; button_one_letter_spacing__hover_enabled=&#8221;off&#8221; button_two_letter_spacing__hover_enabled=&#8221;off&#8221; button_one_bg_color__hover_enabled=&#8221;on&#8221; button_one_bg_color__hover=&#8221;rgba(0,0,0,0)&#8221; button_two_bg_color__hover_enabled=&#8221;on&#8221; button_two_bg_color__hover=&#8221;rgba(0,0,0,0)&#8221; sticky_enabled=&#8221;0&#8243;][\/et_pb_fullwidth_header][\/et_pb_section][et_pb_section fb_built=&#8221;1&#8243; admin_label=&#8221;Introduction&#8221; _builder_version=&#8221;4.16&#8243; custom_margin=&#8221;|||&#8221; custom_padding=&#8221;100px|0px|100px|0px&#8221; global_colors_info=&#8221;{}&#8221;][et_pb_row use_custom_gutter=&#8221;on&#8221; gutter_width=&#8221;4&#8243; _builder_version=&#8221;4.16&#8243; animation_style=&#8221;fade&#8221; global_colors_info=&#8221;{}&#8221;][et_pb_column type=&#8221;4_4&#8243; _builder_version=&#8221;4.16&#8243; custom_padding=&#8221;|||&#8221; global_colors_info=&#8221;{}&#8221; custom_padding__hover=&#8221;|||&#8221;][et_pb_text _builder_version=&#8221;4.19.5&#8243; text_font=&#8221;||||||||&#8221; header_font=&#8221;||||||||&#8221; header_2_font=&#8221;Playfair Display|700|||||||&#8221; header_2_font_size=&#8221;38px&#8221; header_2_letter_spacing=&#8221;1px&#8221; header_2_line_height=&#8221;1.4em&#8221; header_3_font=&#8221;Poppins|700||on|||||&#8221; header_3_text_color=&#8221;#edbb5f&#8221; header_3_font_size=&#8221;14px&#8221; header_3_letter_spacing=&#8221;1px&#8221; header_3_line_height=&#8221;2em&#8221; hover_enabled=&#8221;0&#8243; global_colors_info=&#8221;{}&#8221; sticky_enabled=&#8221;0&#8243;]<h2>Pol\u00edtica de Privacidad<\/h2>[\/et_pb_text][et_pb_text _builder_version=&#8221;4.19.5&#8243; _module_preset=&#8221;default&#8221; hover_enabled=&#8221;0&#8243; global_colors_info=&#8221;{}&#8221; sticky_enabled=&#8221;0&#8243;]<p style=\"text-align: justify;\">1.- A los efectos de lo previsto en la legislaci\u00f3n en materia de protecci\u00f3n de datos, se le informa que los datos enviados a trav\u00e9s del Sitio web ser\u00e1n incluidos en un fichero titularidad de AVCO, el cual re\u00fane todos los requisitos exigidos por la legislaci\u00f3n existente en la materia, para uno o m\u00e1s de los siguientes fines:<\/p>[\/et_pb_text][et_pb_text _builder_version=&#8221;4.19.5&#8243; _module_preset=&#8221;default&#8221; hover_enabled=&#8221;0&#8243; global_colors_info=&#8221;{}&#8221; sticky_enabled=&#8221;0&#8243;]<table border=\"1\" style=\"width: 100%; border-collapse: collapse; border-style: solid; border-color: #9c191b; background-color: #9c191b;\">\n<tbody>\n<tr>\n<td style=\"width: 20%;\"><span style=\"color: #ffffff;\"><strong>Finalidad<\/strong><\/span><\/td>\n<td style=\"width: 20%;\"><span style=\"color: #ffffff;\"><strong>Base Legal<\/strong><\/span><\/td>\n<td style=\"width: 18.2206%;\"><span style=\"color: #ffffff;\"><strong>Destinatarios<\/strong><\/span><\/td>\n<td style=\"width: 23.1317%;\"><span style=\"color: #ffffff;\"><strong>Transferencias Internacionales<\/strong><\/span><\/td>\n<td style=\"width: 18.6477%;\"><span style=\"color: #ffffff;\"><strong>Plazo de Conservaci\u00f3n<\/strong><\/span><\/td>\n<\/tr>\n<tr>\n<td style=\"width: 20%;\"><span style=\"color: #ffffff;\"><span>Gesti\u00f3n de las consultas enviadas a trav\u00e9s del formulario de contacto<\/span><\/span><\/td>\n<td style=\"width: 20%;\"><span style=\"color: #ffffff;\"><span>El inter\u00e9s de AVCO en proporcionar sus servicios y asesoramiento<\/span><\/span><\/td>\n<td style=\"width: 18.2206%;\"><span style=\"color: #ffffff;\"><span>AVCO y otras empresas asociadas a AVCO<\/span><\/span><\/td>\n<td style=\"width: 23.1317%;\"><span style=\"color: #ffffff;\"><span>Sus datos pueden ser transferidos a empresas asociadas a AVCO dentro o fuera de la UE. Las transferencias fuera de la UE se basan en las cl\u00e1usulas tipo de protecci\u00f3n de datos adoptadas por la Comisi\u00f3n Europea<\/span><\/span><\/td>\n<td style=\"width: 18.6477%;\"><span style=\"color: #ffffff;\"><span>Hasta que la consulta haya sido resuelta<\/span><\/span><\/td>\n<\/tr>\n<tr>\n<td style=\"width: 20%;\"><span style=\"color: #ffffff;\"><span>Gesti\u00f3n de CV<\/span><\/span><\/td>\n<td style=\"width: 20%;\"><span style=\"color: #ffffff;\"><span>Consentimiento dado por el candidato<\/span><\/span><\/td>\n<td style=\"width: 18.2206%;\"><span style=\"color: #ffffff;\">AVCO<\/span><\/td>\n<td style=\"width: 23.1317%;\"><span style=\"color: #ffffff;\"><span>Ninguna transferencia internacional<\/span><\/span><\/td>\n<td style=\"width: 18.6477%;\"><span style=\"color: #ffffff;\"><span>1 a\u00f1o desde la recepci\u00f3n del CV<\/span><\/span><\/td>\n<\/tr>\n<tr>\n<td style=\"width: 20%;\"><span style=\"color: #ffffff;\"><span>Suscripci\u00f3n a nuestro blog o boletines<\/span><\/span><\/td>\n<td style=\"width: 20%;\"><span style=\"color: #ffffff;\"><span>Ejecuci\u00f3n de contrato<\/span><\/span><\/td>\n<td style=\"width: 18.2206%;\"><span style=\"color: #ffffff;\">AVCO<\/span><\/td>\n<td style=\"width: 23.1317%;\"><span style=\"color: #ffffff;\"><span>Ninguna transferencia internacional<\/span><\/span><\/td>\n<td style=\"width: 18.6477%;\"><span style=\"color: #ffffff;\"><span>3 a\u00f1os desde la \u00faltima interacci\u00f3n con AVCO o hasta la cancelaci\u00f3n de la suscripci\u00f3n<\/span><\/span><\/td>\n<\/tr>\n<\/tbody>\n<\/table>[\/et_pb_text][et_pb_text _builder_version=&#8221;4.19.5&#8243; _module_preset=&#8221;default&#8221; hover_enabled=&#8221;0&#8243; global_colors_info=&#8221;{}&#8221; sticky_enabled=&#8221;0&#8243;]<p style=\"text-align: justify;\">2.- Al acceder a este Sitio web acepta la presente Pol\u00edtica de Privacidad. Si no est\u00e1 de acuerdo con la Pol\u00edtica de Privacidad debe abstenerse de acceder al Sitio web.<\/p>\n<p>3.- Los campos marcados con un asterisco son obligatorios. Si no los rellena no podremos dar respuesta a su consulta. Todos los datos transmitidos deben ser veraces y precisos.<\/p>\n<p>4.- Puede ejercer sus derechos de: a) acceso, rectificaci\u00f3n, oposici\u00f3n y cancelaci\u00f3n de sus datos; b) limitar el tratamiento de sus datos; c) portabilidad de datos; d) revocar su consentimiento; mediante correo electr\u00f3nico a trav\u00e9s de este Sitio web o por correo postal a AVCO, Calle Vel\u00e1zquez 37, 28001 Madrid, Espa\u00f1a.<\/p>\n<p>5.- Tiene derecho a presentar reclamaciones ante la autoridad nacional competente en materia de protecci\u00f3n de datos.<\/p>\n<p>6.- AVCO revisa y actualiza su Pol\u00edtica de Privacidad peri\u00f3dicamente y se reserva el derecho de modificarla, de manera total o parcial, en cualquier momento. AVCO recomienda la lectura atenta de la presente Pol\u00edtica de Privacidad antes de usar los servicios contenidos en el presente Sitio web.<\/p>[\/et_pb_text][et_pb_text _builder_version=&#8221;4.19.5&#8243; text_font=&#8221;||||||||&#8221; header_font=&#8221;||||||||&#8221; header_2_font=&#8221;Playfair Display|700|||||||&#8221; header_2_font_size=&#8221;38px&#8221; header_2_letter_spacing=&#8221;1px&#8221; header_2_line_height=&#8221;1.4em&#8221; header_3_font=&#8221;Poppins|700||on|||||&#8221; header_3_text_color=&#8221;#edbb5f&#8221; header_3_font_size=&#8221;14px&#8221; header_3_letter_spacing=&#8221;1px&#8221; header_3_line_height=&#8221;2em&#8221; global_colors_info=&#8221;{}&#8221;]<h2>Cookies<\/h2>[\/et_pb_text][et_pb_text _builder_version=&#8221;4.19.5&#8243; _module_preset=&#8221;default&#8221; hover_enabled=&#8221;0&#8243; global_colors_info=&#8221;{}&#8221; sticky_enabled=&#8221;0&#8243;]<p>El Sitio web utiliza \u00a8Cookies\u00a8, y otros mecanismos similares (en adelante, Cookies). Las Cookies son ficheros enviados a un navegador por medio de un servidor web para registrar las actividades del Usuario en una web determinada o en todas las webs, apps y\/o servicios de esta web (en adelante, los Servicios). La primera finalidad de las Cookies es la de facilitar al Usuario un acceso m\u00e1s r\u00e1pido a los Servicios.<\/p>\n<p>El Sitio web utiliza Cookies para personalizar y facilitar al m\u00e1ximo la navegaci\u00f3n del Usuario. Las Cookies se asocian \u00fanicamente a un Usuario an\u00f3nimo y su ordenador y no proporcionan referencias que permitan deducir datos personales del Usuario. El Usuario podr\u00e1 configurar su navegador para que notifique y rechace la instalaci\u00f3n de las Cookies enviadas por el Sitio web, sin que ello perjudique la posibilidad del Usuario de acceder a los Contenidos. Sin embargo, le hacemos notar que, en todo caso, la calidad del funcionamiento dela Sitio web puede disminuir.<\/p>[\/et_pb_text][et_pb_text _builder_version=&#8221;4.19.5&#8243; text_font=&#8221;||||||||&#8221; header_font=&#8221;||||||||&#8221; header_2_font=&#8221;Playfair Display|700|||||||&#8221; header_2_font_size=&#8221;38px&#8221; header_2_letter_spacing=&#8221;1px&#8221; header_2_line_height=&#8221;1.4em&#8221; header_3_font=&#8221;Poppins|700||on|||||&#8221; header_3_text_color=&#8221;#edbb5f&#8221; header_3_font_size=&#8221;14px&#8221; header_3_letter_spacing=&#8221;1px&#8221; header_3_line_height=&#8221;2em&#8221; hover_enabled=&#8221;0&#8243; global_colors_info=&#8221;{}&#8221; sticky_enabled=&#8221;0&#8243;]<h2>1.- Tipolog\u00eda, finalidad y funcionamiento de las Cookies<\/h2>[\/et_pb_text][et_pb_text _builder_version=&#8221;4.19.5&#8243; _module_preset=&#8221;default&#8221; hover_enabled=&#8221;0&#8243; global_colors_info=&#8221;{}&#8221; sticky_enabled=&#8221;0&#8243;]<p>Las Cookies, en funci\u00f3n de su permanencia, pueden dividirse en Cookies de sesi\u00f3n o permanentes. Las primeras expiran cuando el Usuario cierra el navegador. Las segundas expiran cuando se cumpla el objetivo para el que sirven o bien cuando se borran manualmente.<\/p>\n<p>Este Sitio web utiliza cookies anal\u00edticas. Cada vez que un Usuario visita los Servicios, una herramienta de un proveedor externo (Omniture, Netscope, Comscore y similares que podr\u00e1n a\u00f1adirse a este listado en caso de que var\u00eden en relaci\u00f3n con los actuales) genera una Cookie anal\u00edtica en el ordenador del Usuario. Esta Cookie que s\u00f3lo se genera en la visita, servir\u00e1 en pr\u00f3ximas visitas a los Servicios de esta web para identificar de forma an\u00f3nima al visitante.<\/p>\n<p>Los objetivos principales que se persiguen son:<\/p>\n<ul>\n<li>Permitir la identificaci\u00f3n an\u00f3nima de los Usuarios navegantes a trav\u00e9s de la \u201cCookie\u201d (identifica navegadores y dispositivos, no personas) y por lo tanto la contabilizaci\u00f3n aproximada del n\u00famero de visitantes y su tendencia en el tiempo.<\/li>\n<li>Identificar de forma an\u00f3nima los contenidos m\u00e1s visitados y por lo tanto m\u00e1s atractivos para los Usuarios.<\/li>\n<li>Saber si el Usuario que est\u00e1 accediendo es nuevo o repite visita.<\/li>\n<\/ul>\n<p>Dichas Cookies s\u00f3lo ser\u00e1n utilizadas con prop\u00f3sitos estad\u00edsticos que ayuden a la optimizaci\u00f3n de la experiencia de los Usuarios en el sitio.<\/p>\n<p>Cookies utilizadas en el Sitio web:<\/p>[\/et_pb_text][et_pb_text _builder_version=&#8221;4.19.5&#8243; _module_preset=&#8221;default&#8221; global_colors_info=&#8221;{}&#8221;]<table border=\"1\" style=\"width: 97.1873%; border-collapse: collapse; border-style: solid; border-color: #9c191b; background-color: #9c191b;\">\n<tbody>\n<tr>\n<td style=\"width: 20%;\"><span style=\"color: #ffffff;\"><strong>Entidad que gestiona las cookies<\/strong><\/span><\/td>\n<td style=\"width: 20%;\"><span style=\"color: #ffffff;\"><strong>Cookie<\/strong><\/span><\/td>\n<td style=\"width: 20%;\"><span style=\"color: #ffffff;\"><strong>Finalidad<\/strong><\/span><\/td>\n<\/tr>\n<tr>\n<td style=\"width: 20%;\"><span style=\"color: #ffffff;\">\u00a0Google\u2122<\/span><\/td>\n<td style=\"width: 20%;\"><span style=\"color: #ffffff;\">Google Analytics<\/span><\/td>\n<td style=\"width: 20%;\"><span style=\"color: #ffffff;\">Estad\u00edsticas de navegaci\u00f3n<\/span><\/td>\n<\/tr>\n<\/tbody>\n<\/table>[\/et_pb_text][et_pb_text _builder_version=&#8221;4.19.5&#8243; text_font=&#8221;||||||||&#8221; header_font=&#8221;||||||||&#8221; header_2_font=&#8221;Playfair Display|700|||||||&#8221; header_2_font_size=&#8221;38px&#8221; header_2_letter_spacing=&#8221;1px&#8221; header_2_line_height=&#8221;1.4em&#8221; header_3_font=&#8221;Poppins|700||on|||||&#8221; header_3_text_color=&#8221;#edbb5f&#8221; header_3_font_size=&#8221;14px&#8221; header_3_letter_spacing=&#8221;1px&#8221; header_3_line_height=&#8221;2em&#8221; hover_enabled=&#8221;0&#8243; global_colors_info=&#8221;{}&#8221; sticky_enabled=&#8221;0&#8243;]<h2>2.- C\u00f3mo deshabilitar las Cookies y los Web Bugs en los principales navegadores<\/h2>[\/et_pb_text][et_pb_text _builder_version=&#8221;4.19.5&#8243; _module_preset=&#8221;default&#8221; hover_enabled=&#8221;0&#8243; global_colors_info=&#8221;{}&#8221; sticky_enabled=&#8221;0&#8243;]<p>Normalmente es posible dejar de aceptar las Cookies del navegador, o dejar de aceptar las Cookies de un Servicio en particular.<\/p>\n<p>Todos los navegadores modernos permiten cambiar la configuraci\u00f3n de Cookies. Estos ajustes normalmente se encuentran en las \u2018Opciones\u2019 o \u2018Preferencias\u2019 del men\u00fa de su navegador. Asimismo, puede configurar su navegador o su gestor de correo electr\u00f3nico, as\u00ed como instalar complementos gratuitos para evitar que se descarguen los Web Bugs al abrir un correo electr\u00f3nico.<\/p>\n<p>Este Sitio web ofrece orientaci\u00f3n al Usuario sobre los pasos para acceder al men\u00fa de configuraci\u00f3n de las cookies y, en su caso, de la navegaci\u00f3n privada en cada uno de los navegadores principales:<\/p>\n<ul>\n<li><strong>Internet Explorer<\/strong>: Herramientas -&gt; Opciones de Internet -&gt; Privacidad -&gt; Configuraci\u00f3n. Para m\u00e1s informaci\u00f3n, puede consultar el soporte de Microsoft o la Ayuda del navegador.<\/li>\n<li><strong>Firefox<\/strong>: Herramientas -&gt; Opciones -&gt; Privacidad -&gt; Historial -&gt; Configuraci\u00f3n Personalizada. Para m\u00e1s informaci\u00f3n, puede consultar el soporte de Mozilla o la Ayuda del navegador.<\/li>\n<li><strong>Chrome<\/strong>: Configuraci\u00f3n -&gt; Mostrar opciones avanzadas -&gt; Privacidad -&gt; Configuraci\u00f3n de contenido. Para m\u00e1s informaci\u00f3n, puede consultar el soporte de Google o la Ayuda del navegador.<\/li>\n<\/ul>[\/et_pb_text][et_pb_text _builder_version=&#8221;4.19.5&#8243; text_font=&#8221;||||||||&#8221; header_font=&#8221;||||||||&#8221; header_2_font=&#8221;Playfair Display|700|||||||&#8221; header_2_font_size=&#8221;38px&#8221; header_2_letter_spacing=&#8221;1px&#8221; header_2_line_height=&#8221;1.4em&#8221; header_3_font=&#8221;Poppins|700||on|||||&#8221; header_3_text_color=&#8221;#edbb5f&#8221; header_3_font_size=&#8221;14px&#8221; header_3_letter_spacing=&#8221;1px&#8221; header_3_line_height=&#8221;2em&#8221; hover_enabled=&#8221;0&#8243; global_colors_info=&#8221;{}&#8221; sticky_enabled=&#8221;0&#8243;]<h2>3.- \u00bfQu\u00e9 ocurre si se deshabilitan las Cookies?<\/h2>[\/et_pb_text][et_pb_text _builder_version=&#8221;4.19.5&#8243; _module_preset=&#8221;default&#8221; hover_enabled=&#8221;0&#8243; global_colors_info=&#8221;{}&#8221; sticky_enabled=&#8221;0&#8243;]<p>Algunas funcionalidades de los Servicios quedar\u00e1n deshabilitados como, por ejemplo, permanecer identificado.<\/p>\n<p>Actualizaciones y cambios en la pol\u00edtica de privacidad\/cookies: AVCO puede modificar esta Pol\u00edtica de Cookies en funci\u00f3n de exigencias legislativas, reglamentarias, o con la finalidad de adaptar dicha pol\u00edtica a las instrucciones dictadas por la Agencia Espa\u00f1ola de Protecci\u00f3n de Datos, por ello se aconseja a los Usuarios que la visiten peri\u00f3dicamente.<\/p>\n<p>Cuando se produzcan cambios significativos en esta Pol\u00edtica de Cookies, se comunicar\u00e1n a los Usuarios bien mediante el Sitio web o a trav\u00e9s de correo electr\u00f3nico.<\/p>[\/et_pb_text][et_pb_text _builder_version=&#8221;4.19.5&#8243; text_font=&#8221;||||||||&#8221; header_font=&#8221;||||||||&#8221; header_2_font=&#8221;Playfair Display|700|||||||&#8221; header_2_font_size=&#8221;38px&#8221; header_2_letter_spacing=&#8221;1px&#8221; header_2_line_height=&#8221;1.4em&#8221; header_3_font=&#8221;Poppins|700||on|||||&#8221; header_3_text_color=&#8221;#edbb5f&#8221; header_3_font_size=&#8221;14px&#8221; header_3_letter_spacing=&#8221;1px&#8221; header_3_line_height=&#8221;2em&#8221; hover_enabled=&#8221;0&#8243; global_colors_info=&#8221;{}&#8221; sticky_enabled=&#8221;0&#8243;]<h2>4.- Consentimiento del usuario<\/h2>[\/et_pb_text][et_pb_text _builder_version=&#8221;4.19.5&#8243; _module_preset=&#8221;default&#8221; hover_enabled=&#8221;0&#8243; global_colors_info=&#8221;{}&#8221; sticky_enabled=&#8221;0&#8243;]<p style=\"text-align: justify;\">El uso del Sitio web significa que el usuario consiente el uso de cookies por parte de AVCO.<\/p>[\/et_pb_text][\/et_pb_column][\/et_pb_row][\/et_pb_section]\n","protected":false},"excerpt":{"rendered":"<p>Pol\u00edtica de Privacidad1.- A los efectos de lo previsto en la legislaci\u00f3n en materia de protecci\u00f3n de datos, se le informa que los datos enviados a trav\u00e9s del Sitio web ser\u00e1n incluidos en un fichero titularidad de AVCO, el cual re\u00fane todos los requisitos exigidos por la legislaci\u00f3n existente en la materia, para uno o [&hellip;]<\/p>\n","protected":false},"author":1,"featured_media":0,"parent":0,"menu_order":0,"comment_status":"closed","ping_status":"open","template":"","meta":{"_et_pb_use_builder":"on","_et_pb_old_content":"<!-- wp:heading -->\n<h2>Who we are<\/h2>\n<!-- \/wp:heading -->\n\n<!-- wp:paragraph -->\n<p><strong class=\"privacy-policy-tutorial\">Suggested text: <\/strong>Our website address is: https:\/\/avcocorporate.com.<\/p>\n<!-- \/wp:paragraph -->\n\n<!-- wp:heading -->\n<h2>Comments<\/h2>\n<!-- \/wp:heading -->\n\n<!-- wp:paragraph -->\n<p><strong class=\"privacy-policy-tutorial\">Suggested text: <\/strong>When visitors leave comments on the site we collect the data shown in the comments form, and also the visitor\u2019s IP address and browser user agent string to help spam detection.<\/p>\n<!-- \/wp:paragraph -->\n\n<!-- wp:paragraph -->\n<p>An anonymized string created from your email address (also called a hash) may be provided to the Gravatar service to see if you are using it. The Gravatar service privacy policy is available here: https:\/\/automattic.com\/privacy\/. After approval of your comment, your profile picture is visible to the public in the context of your comment.<\/p>\n<!-- \/wp:paragraph -->\n\n<!-- wp:heading -->\n<h2>Media<\/h2>\n<!-- \/wp:heading -->\n\n<!-- wp:paragraph -->\n<p><strong class=\"privacy-policy-tutorial\">Suggested text: <\/strong>If you upload images to the website, you should avoid uploading images with embedded location data (EXIF GPS) included. Visitors to the website can download and extract any location data from images on the website.<\/p>\n<!-- \/wp:paragraph -->\n\n<!-- wp:heading -->\n<h2>Cookies<\/h2>\n<!-- \/wp:heading -->\n\n<!-- wp:paragraph -->\n<p><strong class=\"privacy-policy-tutorial\">Suggested text: <\/strong>If you leave a comment on our site you may opt-in to saving your name, email address and website in cookies. These are for your convenience so that you do not have to fill in your details again when you leave another comment. These cookies will last for one year.<\/p>\n<!-- \/wp:paragraph -->\n\n<!-- wp:paragraph -->\n<p>If you visit our login page, we will set a temporary cookie to determine if your browser accepts cookies. This cookie contains no personal data and is discarded when you close your browser.<\/p>\n<!-- \/wp:paragraph -->\n\n<!-- wp:paragraph -->\n<p>When you log in, we will also set up several cookies to save your login information and your screen display choices. Login cookies last for two days, and screen options cookies last for a year. If you select \"Remember Me\", your login will persist for two weeks. If you log out of your account, the login cookies will be removed.<\/p>\n<!-- \/wp:paragraph -->\n\n<!-- wp:paragraph -->\n<p>If you edit or publish an article, an additional cookie will be saved in your browser. This cookie includes no personal data and simply indicates the post ID of the article you just edited. It expires after 1 day.<\/p>\n<!-- \/wp:paragraph -->\n\n<!-- wp:heading -->\n<h2>Embedded content from other websites<\/h2>\n<!-- \/wp:heading -->\n\n<!-- wp:paragraph -->\n<p><strong class=\"privacy-policy-tutorial\">Suggested text: <\/strong>Articles on this site may include embedded content (e.g. videos, images, articles, etc.). Embedded content from other websites behaves in the exact same way as if the visitor has visited the other website.<\/p>\n<!-- \/wp:paragraph -->\n\n<!-- wp:paragraph -->\n<p>These websites may collect data about you, use cookies, embed additional third-party tracking, and monitor your interaction with that embedded content, including tracking your interaction with the embedded content if you have an account and are logged in to that website.<\/p>\n<!-- \/wp:paragraph -->\n\n<!-- wp:heading -->\n<h2>Who we share your data with<\/h2>\n<!-- \/wp:heading -->\n\n<!-- wp:paragraph -->\n<p><strong class=\"privacy-policy-tutorial\">Suggested text: <\/strong>If you request a password reset, your IP address will be included in the reset email.<\/p>\n<!-- \/wp:paragraph -->\n\n<!-- wp:heading -->\n<h2>How long we retain your data<\/h2>\n<!-- \/wp:heading -->\n\n<!-- wp:paragraph -->\n<p><strong class=\"privacy-policy-tutorial\">Suggested text: <\/strong>If you leave a comment, the comment and its metadata are retained indefinitely. This is so we can recognize and approve any follow-up comments automatically instead of holding them in a moderation queue.<\/p>\n<!-- \/wp:paragraph -->\n\n<!-- wp:paragraph -->\n<p>For users that register on our website (if any), we also store the personal information they provide in their user profile. All users can see, edit, or delete their personal information at any time (except they cannot change their username). Website administrators can also see and edit that information.<\/p>\n<!-- \/wp:paragraph -->\n\n<!-- wp:heading -->\n<h2>What rights you have over your data<\/h2>\n<!-- \/wp:heading -->\n\n<!-- wp:paragraph -->\n<p><strong class=\"privacy-policy-tutorial\">Suggested text: <\/strong>If you have an account on this site, or have left comments, you can request to receive an exported file of the personal data we hold about you, including any data you have provided to us. You can also request that we erase any personal data we hold about you. This does not include any data we are obliged to keep for administrative, legal, or security purposes.<\/p>\n<!-- \/wp:paragraph -->\n\n<!-- wp:heading -->\n<h2>Where your data is sent<\/h2>\n<!-- \/wp:heading -->\n\n<!-- wp:paragraph -->\n<p><strong class=\"privacy-policy-tutorial\">Suggested text: <\/strong>Visitor comments may be checked through an automated spam detection service.<\/p>\n<!-- \/wp:paragraph -->","_et_gb_content_width":"","footnotes":""},"class_list":["post-489","page","type-page","status-publish","hentry"],"_links":{"self":[{"href":"https:\/\/avcocorporate.com\/index.php\/wp-json\/wp\/v2\/pages\/489","targetHints":{"allow":["GET"]}}],"collection":[{"href":"https:\/\/avcocorporate.com\/index.php\/wp-json\/wp\/v2\/pages"}],"about":[{"href":"https:\/\/avcocorporate.com\/index.php\/wp-json\/wp\/v2\/types\/page"}],"author":[{"embeddable":true,"href":"https:\/\/avcocorporate.com\/index.php\/wp-json\/wp\/v2\/users\/1"}],"replies":[{"embeddable":true,"href":"https:\/\/avcocorporate.com\/index.php\/wp-json\/wp\/v2\/comments?post=489"}],"version-history":[{"count":3,"href":"https:\/\/avcocorporate.com\/index.php\/wp-json\/wp\/v2\/pages\/489\/revisions"}],"predecessor-version":[{"id":504,"href":"https:\/\/avcocorporate.com\/index.php\/wp-json\/wp\/v2\/pages\/489\/revisions\/504"}],"wp:attachment":[{"href":"https:\/\/avcocorporate.com\/index.php\/wp-json\/wp\/v2\/media?parent=489"}],"curies":[{"name":"wp","href":"https:\/\/api.w.org\/{rel}","templated":true}]}}